{"id":3756,"date":"2020-01-08T15:40:21","date_gmt":"2020-01-08T15:40:21","guid":{"rendered":"https:\/\/www.glup.pt\/web\/?page_id=3756"},"modified":"2021-09-06T14:50:27","modified_gmt":"2021-09-06T13:50:27","slug":"reconhecimentos-internacionais","status":"publish","type":"page","link":"https:\/\/www.glup.pt\/web\/?page_id=3756","title":{"rendered":"Reconhecimentos Internacionais"},"content":{"rendered":"\n<p>Grandes lojas estrangeiras reconhecidas pela Grande Loja Unida de Portugal<\/p>\n\n\n\n<p>Todos os membros que desejem visitar as Grandes Lojas que se encontram listadas infra, devem-nos fazer atrav\u00e9s da Grande Secretaria da Grande Loja Unida de Portugal.<\/p>\n\n\n\n<p>Os membros de outras Grandes Lojas tamb\u00e9m devem ter isso em mente e observar que toda a correspond\u00eancia recebida pela Grande Loja Unida de Portugal s\u00f3 ser\u00e1 respondida atrav\u00e9s do seu Grande Secret\u00e1rio.<\/p>\n\n\n\n<ul class=\"wp-block-list\"><li>Grande Loja da Alian\u00e7a Ma\u00e7\u00f3nica Francesa &#8211; <a rel=\"noreferrer noopener\" href=\"https:\/\/www.gl-amf.fr\/\" target=\"_blank\">https:\/\/www.gl-amf.fr\/<\/a><\/li><li>Grande Loja Unida da Russia &#8211; <a rel=\"noreferrer noopener\" href=\"https:\/\/www.uglr.ru\/\" target=\"_blank\">https:\/\/www.uglr.ru<\/a><\/li><li>Grande Loja da Ge\u00f3rgia &#8211; <a rel=\"noreferrer noopener\" href=\"https:\/\/www.glgeorgia.ge\/\" target=\"_blank\">https:\/\/www.glgeorgia.ge<\/a><\/li><li>Grande Loja Unida de Marrocos<\/li><\/ul>\n","protected":false},"excerpt":{"rendered":"<p>Grandes lojas estrangeiras reconhecidas pela Grande Loja Unida de Portugal Todos os membros que desejem visitar as Grandes Lojas que se encontram listadas infra, devem-nos fazer atrav\u00e9s da Grande Secretaria da Grande Loja Unida de Portugal. Os membros de outras Grandes Lojas tamb\u00e9m devem ter isso em mente e observar que toda a correspond\u00eancia recebida [&hellip;]<\/p>\n","protected":false},"author":1,"featured_media":0,"parent":0,"menu_order":0,"comment_status":"closed","ping_status":"closed","template":"","meta":{"ub_ctt_via":"","ocean_post_layout":"","ocean_both_sidebars_style":"","ocean_both_sidebars_content_width":0,"ocean_both_sidebars_sidebars_width":0,"ocean_sidebar":"0","ocean_second_sidebar":"0","ocean_disable_margins":"enable","ocean_add_body_class":"","ocean_shortcode_before_top_bar":"","ocean_shortcode_after_top_bar":"","ocean_shortcode_before_header":"","ocean_shortcode_after_header":"","ocean_has_shortcode":"","ocean_shortcode_after_title":"","ocean_shortcode_before_footer_widgets":"","ocean_shortcode_after_footer_widgets":"","ocean_shortcode_before_footer_bottom":"","ocean_shortcode_after_footer_bottom":"","ocean_display_top_bar":"default","ocean_display_header":"default","ocean_header_style":"","ocean_center_header_left_menu":"0","ocean_custom_header_template":"0","ocean_custom_logo":0,"ocean_custom_retina_logo":0,"ocean_custom_logo_max_width":0,"ocean_custom_logo_tablet_max_width":0,"ocean_custom_logo_mobile_max_width":0,"ocean_custom_logo_max_height":0,"ocean_custom_logo_tablet_max_height":0,"ocean_custom_logo_mobile_max_height":0,"ocean_header_custom_menu":"0","ocean_menu_typo_font_family":"0","ocean_menu_typo_font_subset":"","ocean_menu_typo_font_size":0,"ocean_menu_typo_font_size_tablet":0,"ocean_menu_typo_font_size_mobile":0,"ocean_menu_typo_font_size_unit":"px","ocean_menu_typo_font_weight":"","ocean_menu_typo_font_weight_tablet":"","ocean_menu_typo_font_weight_mobile":"","ocean_menu_typo_transform":"","ocean_menu_typo_transform_tablet":"","ocean_menu_typo_transform_mobile":"","ocean_menu_typo_line_height":0,"ocean_menu_typo_line_height_tablet":0,"ocean_menu_typo_line_height_mobile":0,"ocean_menu_typo_line_height_unit":"","ocean_menu_typo_spacing":0,"ocean_menu_typo_spacing_tablet":0,"ocean_menu_typo_spacing_mobile":0,"ocean_menu_typo_spacing_unit":"","ocean_menu_link_color":"","ocean_menu_link_color_hover":"","ocean_menu_link_color_active":"","ocean_menu_link_background":"","ocean_menu_link_hover_background":"","ocean_menu_link_active_background":"","ocean_menu_social_links_bg":"","ocean_menu_social_hover_links_bg":"","ocean_menu_social_links_color":"","ocean_menu_social_hover_links_color":"","ocean_disable_title":"default","ocean_disable_heading":"default","ocean_post_title":"","ocean_post_subheading":"","ocean_post_title_style":"","ocean_post_title_background_color":"","ocean_post_title_background":0,"ocean_post_title_bg_image_position":"","ocean_post_title_bg_image_attachment":"","ocean_post_title_bg_image_repeat":"","ocean_post_title_bg_image_size":"","ocean_post_title_height":0,"ocean_post_title_bg_overlay":0.5,"ocean_post_title_bg_overlay_color":"","ocean_disable_breadcrumbs":"default","ocean_breadcrumbs_color":"","ocean_breadcrumbs_separator_color":"","ocean_breadcrumbs_links_color":"","ocean_breadcrumbs_links_hover_color":"","ocean_display_footer_widgets":"default","ocean_display_footer_bottom":"default","ocean_custom_footer_template":"0","footnotes":""},"class_list":["post-3756","page","type-page","status-publish","hentry","entry"],"featured_image_src":null,"_links":{"self":[{"href":"https:\/\/www.glup.pt\/web\/index.php?rest_route=\/wp\/v2\/pages\/3756","targetHints":{"allow":["GET"]}}],"collection":[{"href":"https:\/\/www.glup.pt\/web\/index.php?rest_route=\/wp\/v2\/pages"}],"about":[{"href":"https:\/\/www.glup.pt\/web\/index.php?rest_route=\/wp\/v2\/types\/page"}],"author":[{"embeddable":true,"href":"https:\/\/www.glup.pt\/web\/index.php?rest_route=\/wp\/v2\/users\/1"}],"replies":[{"embeddable":true,"href":"https:\/\/www.glup.pt\/web\/index.php?rest_route=%2Fwp%2Fv2%2Fcomments&post=3756"}],"version-history":[{"count":2,"href":"https:\/\/www.glup.pt\/web\/index.php?rest_route=\/wp\/v2\/pages\/3756\/revisions"}],"predecessor-version":[{"id":3789,"href":"https:\/\/www.glup.pt\/web\/index.php?rest_route=\/wp\/v2\/pages\/3756\/revisions\/3789"}],"wp:attachment":[{"href":"https:\/\/www.glup.pt\/web\/index.php?rest_route=%2Fwp%2Fv2%2Fmedia&parent=3756"}],"curies":[{"name":"wp","href":"https:\/\/api.w.org\/{rel}","templated":true}]}}