{"id":37,"date":"2019-11-14T18:12:46","date_gmt":"2019-11-14T18:12:46","guid":{"rendered":"https:\/\/www.glup.pt\/web\/\/?page_id=37"},"modified":"2019-12-12T16:17:00","modified_gmt":"2019-12-12T16:17:00","slug":"rito-portugues","status":"publish","type":"page","link":"https:\/\/www.glup.pt\/web\/?page_id=37","title":{"rendered":"Rito Portugu\u00eas"},"content":{"rendered":"\n<p class=\"has-text-align-right\"><em>\u201cPor Portugal, porque aqui nascemos, onde nasceram os nossos antepassados, aqui<br> est\u00e3o as nossas ra\u00edzes, aqui estar\u00e3o sempre as nossas almas.\u201d<\/em><\/p>\n\n\n\n<div style=\"height:20px\" aria-hidden=\"true\" class=\"wp-block-spacer\"><\/div>\n\n\n\n<div class=\"wp-block-image\"><figure class=\"alignleft size-large is-resized\"><img decoding=\"async\" src=\"https:\/\/www.glup.pt\/web\/\/wp-content\/uploads\/2019\/11\/logo-rito-portugues.png\" alt=\"Rito Portugu\u00eas\" class=\"wp-image-3394\" width=\"189\" height=\"180\" srcset=\"https:\/\/www.glup.pt\/web\/wp-content\/uploads\/2019\/11\/logo-rito-portugues.png 377w, https:\/\/www.glup.pt\/web\/wp-content\/uploads\/2019\/11\/logo-rito-portugues-300x286.png 300w\" sizes=\"(max-width: 189px) 100vw, 189px\" \/><\/figure><\/div>\n\n\n\n<p>A divisa do Rito Portugu\u00eas \u00e9 &#8211; \u201cA minha p\u00e1tria \u00e9 a l\u00edngua portuguesa\u201d.<\/p>\n\n\n\n<p>O Rito Portugu\u00eas integra e refor\u00e7a a aplica\u00e7\u00e3o da estrat\u00e9gia da Grande Loja Unida de Portugal, tanto no que se refere \u00e0 imagem interna da nossa Obedi\u00eancia como \u00e0 implanta\u00e7\u00e3o no exterior, atrav\u00e9s das Lojas promovidas por ma\u00e7ons portugueses emigrados e luso-descendentes e junto dos pa\u00edses de l\u00edngua portuguesa, prestando um servi\u00e7o \u00e0 Ma\u00e7onaria portuguesa e a Portugal.\u201d<\/p>\n\n\n\n<p>O Rito Portugu\u00eas tem como Miss\u00e3o:<\/p>\n\n\n\n<ul class=\"wp-block-list\"><li>Constituir e apoiar a instala\u00e7\u00e3o de Lojas, em Portugal e no estrangeiro, do Rito Portugu\u00eas, em estrita observ\u00e2ncia dos Landmarks, das Constitui\u00e7\u00f5es e dos demais usos e costumes da Ma\u00e7onaria regular;<\/li><\/ul>\n\n\n\n<ul class=\"wp-block-list\"><li>Aprofundar o conhecimento, formar e fomentar a divulga\u00e7\u00e3o da hist\u00f3ria e da cultura portuguesas e dos pa\u00edses irm\u00e3os;<\/li><\/ul>\n\n\n\n<ul class=\"wp-block-list\"><li>Contribuir e apoiar a estrat\u00e9gia de Portugal e das suas parcerias estrat\u00e9gicas de que se real\u00e7a a Comunidade de Pa\u00edses de Express\u00e3o e L\u00edngua oficial portuguesas, nas \u00e1reas de atua\u00e7\u00e3o consideradas ma\u00e7onicamente regulares, em que podemos e devemos intervir.<\/li><\/ul>\n\n\n\n<p>Os ma\u00e7ons portugueses, os ma\u00e7ons que falam portugu\u00eas, estejam ou n\u00e3o nos pa\u00edses de l\u00edngua oficial portuguesa, s\u00e3o todos os destinat\u00e1rios do Rito Portugu\u00eas.<\/p>\n\n\n\n<p>O Rito Portugu\u00eas \u00e9 tradicional, integrador dos princ\u00edpios e refer\u00eancias ma\u00e7\u00f3nicas e do nosso passado hist\u00f3rico mas \u00e9 tamb\u00e9m um Rito inovador, atual, capaz de compreender as perspetivas futuras que se colocam para Portugal e para os pa\u00edses com l\u00edngua portuguesa.<\/p>\n\n\n\n<p>O Rito Portugu\u00eas facilita o desenvolvimento da comunidade de l\u00edngua portuguesa, disponibilizando vias para a sua evolu\u00e7\u00e3o, numa vis\u00e3o aberta, que sirva e ajude os ma\u00e7ons que falam portugu\u00eas a encontrar raz\u00f5es e emo\u00e7\u00f5es comuns, estejam onde estiverem. \u00c9 um Rito que integra as alavancas da constante atualidade e diversidade.<\/p>\n\n\n\n<p>Quase nada do que houve de portador de futuro, de esperan\u00e7a, de sonho, foi realizado em Portugal sem o contributo dos Homens que partilharam estes valores\u2026<\/p>\n\n\n\n<p>N\u00e3o obstante a Grande Loja incorporar diversos Ritos que se praticam por todas as Ma\u00e7onarias espalhadas pelo globo, existe um rito &#8211; o Rito Portugu\u00eas &#8211; que \u00e9 um fator diferenciador, onde todos os Ma\u00e7ons de l\u00edngua portuguesa se devem reconhecer, porque exalta as virtudes \u00fanicas dos portugueses e faz real\u00e7ar o orgulho de sermos uma na\u00e7\u00e3o com hist\u00f3ria, que contribuiu no passado como o far\u00e1 no futuro, para a exist\u00eancia de um mundo melhor.<\/p>\n\n\n\n<p>O Rito Portugu\u00eas cont\u00e9m em si todos os fundamentos antropol\u00f3gicos, hist\u00f3ricos, m\u00edticos e ritual\u00edsticos, do complexo imagin\u00e1rio ecum\u00e9nico Portugu\u00eas.<\/p>\n\n\n\n<p>\u00c9 um Rito Universalista que re\u00fane tudo o que de unit\u00e1rio h\u00e1 no ser humano e \u00e9 transcendente a qualquer relativismo.<\/p>\n\n\n\n<p>O Rito Portugu\u00eas tem abrangente potencial heur\u00edstico e hermen\u00eautico, articulando o longo processo cultural &#8211; mitol\u00f3gico e arquet\u00edpico &#8211; do nosso imagin\u00e1rio profundo, com uma enorme riqueza est\u00e9tica, c\u00e9nica e teatral.<\/p>\n\n\n\n<p>\u201cPor Portugal, porque aqui nascemos, onde nasceram os nossos antepassados, aqui est\u00e3o as nossas ra\u00edzes, aqui estar\u00e3o sempre as nossas almas.\u201d<\/p>\n","protected":false},"excerpt":{"rendered":"<p>\u201cPor Portugal, porque aqui nascemos, onde nasceram os nossos antepassados, aqui est\u00e3o as nossas ra\u00edzes, aqui estar\u00e3o sempre as nossas almas.\u201d A divisa do Rito Portugu\u00eas \u00e9 &#8211; \u201cA minha p\u00e1tria \u00e9 a l\u00edngua portuguesa\u201d. O Rito Portugu\u00eas integra e refor\u00e7a a aplica\u00e7\u00e3o da estrat\u00e9gia da Grande Loja Unida de Portugal, tanto no que se [&hellip;]<\/p>\n","protected":false},"author":1,"featured_media":0,"parent":0,"menu_order":0,"comment_status":"closed","ping_status":"closed","template":"","meta":{"ub_ctt_via":"","ocean_post_layout":"","ocean_both_sidebars_style":"","ocean_both_sidebars_content_width":0,"ocean_both_sidebars_sidebars_width":0,"ocean_sidebar":"0","ocean_second_sidebar":"0","ocean_disable_margins":"enable","ocean_add_body_class":"","ocean_shortcode_before_top_bar":"","ocean_shortcode_after_top_bar":"","ocean_shortcode_before_header":"","ocean_shortcode_after_header":"","ocean_has_shortcode":"","ocean_shortcode_after_title":"","ocean_shortcode_before_footer_widgets":"","ocean_shortcode_after_footer_widgets":"","ocean_shortcode_before_footer_bottom":"","ocean_shortcode_after_footer_bottom":"","ocean_display_top_bar":"default","ocean_display_header":"default","ocean_header_style":"","ocean_center_header_left_menu":"0","ocean_custom_header_template":"0","ocean_custom_logo":0,"ocean_custom_retina_logo":0,"ocean_custom_logo_max_width":0,"ocean_custom_logo_tablet_max_width":0,"ocean_custom_logo_mobile_max_width":0,"ocean_custom_logo_max_height":0,"ocean_custom_logo_tablet_max_height":0,"ocean_custom_logo_mobile_max_height":0,"ocean_header_custom_menu":"0","ocean_menu_typo_font_family":"0","ocean_menu_typo_font_subset":"","ocean_menu_typo_font_size":0,"ocean_menu_typo_font_size_tablet":0,"ocean_menu_typo_font_size_mobile":0,"ocean_menu_typo_font_size_unit":"px","ocean_menu_typo_font_weight":"","ocean_menu_typo_font_weight_tablet":"","ocean_menu_typo_font_weight_mobile":"","ocean_menu_typo_transform":"","ocean_menu_typo_transform_tablet":"","ocean_menu_typo_transform_mobile":"","ocean_menu_typo_line_height":0,"ocean_menu_typo_line_height_tablet":0,"ocean_menu_typo_line_height_mobile":0,"ocean_menu_typo_line_height_unit":"","ocean_menu_typo_spacing":0,"ocean_menu_typo_spacing_tablet":0,"ocean_menu_typo_spacing_mobile":0,"ocean_menu_typo_spacing_unit":"","ocean_menu_link_color":"","ocean_menu_link_color_hover":"","ocean_menu_link_color_active":"","ocean_menu_link_background":"","ocean_menu_link_hover_background":"","ocean_menu_link_active_background":"","ocean_menu_social_links_bg":"","ocean_menu_social_hover_links_bg":"","ocean_menu_social_links_color":"","ocean_menu_social_hover_links_color":"","ocean_disable_title":"default","ocean_disable_heading":"default","ocean_post_title":"","ocean_post_subheading":"","ocean_post_title_style":"","ocean_post_title_background_color":"","ocean_post_title_background":0,"ocean_post_title_bg_image_position":"","ocean_post_title_bg_image_attachment":"","ocean_post_title_bg_image_repeat":"","ocean_post_title_bg_image_size":"","ocean_post_title_height":0,"ocean_post_title_bg_overlay":0.5,"ocean_post_title_bg_overlay_color":"","ocean_disable_breadcrumbs":"default","ocean_breadcrumbs_color":"","ocean_breadcrumbs_separator_color":"","ocean_breadcrumbs_links_color":"","ocean_breadcrumbs_links_hover_color":"","ocean_display_footer_widgets":"default","ocean_display_footer_bottom":"default","ocean_custom_footer_template":"0","footnotes":""},"class_list":["post-37","page","type-page","status-publish","hentry","entry"],"featured_image_src":null,"_links":{"self":[{"href":"https:\/\/www.glup.pt\/web\/index.php?rest_route=\/wp\/v2\/pages\/37","targetHints":{"allow":["GET"]}}],"collection":[{"href":"https:\/\/www.glup.pt\/web\/index.php?rest_route=\/wp\/v2\/pages"}],"about":[{"href":"https:\/\/www.glup.pt\/web\/index.php?rest_route=\/wp\/v2\/types\/page"}],"author":[{"embeddable":true,"href":"https:\/\/www.glup.pt\/web\/index.php?rest_route=\/wp\/v2\/users\/1"}],"replies":[{"embeddable":true,"href":"https:\/\/www.glup.pt\/web\/index.php?rest_route=%2Fwp%2Fv2%2Fcomments&post=37"}],"version-history":[{"count":7,"href":"https:\/\/www.glup.pt\/web\/index.php?rest_route=\/wp\/v2\/pages\/37\/revisions"}],"predecessor-version":[{"id":3638,"href":"https:\/\/www.glup.pt\/web\/index.php?rest_route=\/wp\/v2\/pages\/37\/revisions\/3638"}],"wp:attachment":[{"href":"https:\/\/www.glup.pt\/web\/index.php?rest_route=%2Fwp%2Fv2%2Fmedia&parent=37"}],"curies":[{"name":"wp","href":"https:\/\/api.w.org\/{rel}","templated":true}]}}