{"id":3614,"date":"2019-12-12T14:26:47","date_gmt":"2019-12-12T14:26:47","guid":{"rendered":"https:\/\/www.glup.pt\/web\/?page_id=3614"},"modified":"2023-01-03T10:49:15","modified_gmt":"2023-01-03T10:49:15","slug":"a-glup","status":"publish","type":"page","link":"https:\/\/www.glup.pt\/web\/?page_id=3614","title":{"rendered":"A GLUP"},"content":{"rendered":"<div class=\"wp-block-image\">\n<figure class=\"alignleft size-large is-resized\"><img fetchpriority=\"high\" decoding=\"async\" src=\"https:\/\/www.glup.pt\/web\/wp-content\/uploads\/2019\/12\/glup_logo.jpg\" alt=\"\" class=\"wp-image-3589\" width=\"300\" height=\"300\"\/><\/figure><\/div>\n\n\n<p>A cria\u00e7\u00e3o de uma nova obedi\u00eancia Regular na ma\u00e7onaria em Portugal, acontece em 4 de Julho de 2016, com a consagra\u00e7\u00e3o da Grande Loja Unida de Portugal. Uma parte importante dos membros da ma\u00e7onaria regular, herdeira das tradi\u00e7\u00f5es, discordaram dos caminhos seguidos em Portugal pela Ma\u00e7onaria dita Regular, e em rotura com a respetiva conduta e atos, criaram a Grande Loja Unida de Portugal.<\/p>\n\n\n\n<p>A ma\u00e7onaria em Portugal est\u00e1 num processo de renova\u00e7\u00e3o singular em toda a sua hist\u00f3ria. Foi assim que um grupo de ma\u00e7ons \u201chist\u00f3ricos\u201d, descontentes com a deteriora\u00e7\u00e3o dos princ\u00edpios e valores da ma\u00e7onaria regular portuguesa, decidem criar uma nova obedi\u00eancia, a Grande Loja Unida de Portugal.&nbsp;<\/p>\n\n\n\n<p>\u00c9 neste quadro que muitos ma\u00e7ons regulares, desagradados com os comportamentos anti-ma\u00e7\u00f3nicos de alguns Irm\u00e3os, mas tamb\u00e9m com a incapacidade que os atuais dirigentes t\u00eam mostrado em revitalizar a ma\u00e7onaria portuguesa, modernizando-a e aproximando-a dos objetivos e miss\u00e3o originais \u2013 o que tem acontecido nos \u00faltimos anos em muitos pa\u00edses europeus, nomeadamente em Inglaterra \u2013 assumem pela primeira vez de forma assumida em Portugal uma posi\u00e7\u00e3o de rotura.&nbsp;<\/p>\n\n\n\n<p>Os fundadores da Grande Loja Unida de Portugal, acreditam que \u00e9 necess\u00e1rio valorizar a imagem externa da institui\u00e7\u00e3o e a dos seus membros e afastar de vez o estigma, muitas vezes partilhado na sociedade, de que a ma\u00e7onaria \u00e9 apenas uma organiza\u00e7\u00e3o secreta que, pensa exclusivamente no bem-estar dos seus membros e \u00e9 marginal ao bem comum.&nbsp;<\/p>\n\n\n\n<blockquote class=\"wp-block-quote is-layout-flow wp-block-quote-is-layout-flow\">\n<p><em>\u201c\u00c9 preciso evitar que se continuem a violar os princ\u00edpios mais b\u00e1sicos e continuar a acrescentar m\u00e1 fama a uma das organiza\u00e7\u00f5es que mais import\u00e2ncia teve ao longo da hist\u00f3ria na defini\u00e7\u00e3o dos valores essenciais das modernas democracias ocidentais; \u00e9 um erro que \u00e9 preciso parar de cometer\u201d.<\/em><\/p>\n\n\n\n<p><em>Paulo Cardoso \u2013 Past Gr\u00e3o Mestre\u00a0<\/em><\/p>\n<\/blockquote>\n\n\n\n<p>V\u00e1rios Irm\u00e3os, alguns com muitos anos de ma\u00e7onaria e que foram fundadores da regularidade em Portugal, n\u00e3o conformados com o caminho seguido pela Regularidade em Portugal, criam a Grande Loja Unida de Portugal.<\/p>\n\n\n\n<p>A Grande Loja Unida de Portugal, pretende tornar-se uma referencia de humanidade para ma\u00e7ons e profanos \u2013 aqueles que n\u00e3o pertencem \u00e0 ma\u00e7onaria \u2013 rompendo com o status quo. A Grande Loja Unida de Portugal, formalizada oficialmente a 4 de Julho de 2016, apresenta uma nova proposta de valores \u00e0 sociedade portuguesa.&nbsp;<\/p>\n\n\n\n<p>Renova\u00e7\u00e3o com respeito pela tradi\u00e7\u00e3o, revitaliza\u00e7\u00e3o da imagem externa e interna da ma\u00e7onaria e uma aposta firme no desenvolvimento de Portugal.<\/p>\n\n\n\n<p>Definindo-se como uma escola de l\u00edderes, elege como objetivos principais a solidariedade social e a fraternidade, a educa\u00e7\u00e3o e a cultura.&nbsp;<\/p>\n\n\n\n<p>A 4 de julho de 2016, a oriente de Sintra, procedeu-se \u00e0 consagra\u00e7\u00e3o da Grande Loja Unida de Portugal.&nbsp;<\/p>\n\n\n\n<p>A data escolhida para a consagra\u00e7\u00e3o da Grande Loja Unida de Portugal, teve em considera\u00e7\u00e3o a do dia 4 de julho de 1776, data da cria\u00e7\u00e3o do primeiro Pa\u00eds inspirado nos ideais ma\u00e7\u00f3nicos \u2013 Independ\u00eancia dos Estados Unidos da Am\u00e9rica.&nbsp;<\/p>\n\n\n\n<p>Nessa consagra\u00e7\u00e3o, estiveram presentes Irm\u00e3os nacionais e estrangeiros oriundos de v\u00e1rias Lojas da Ma\u00e7onaria Regular.<\/p>\n","protected":false},"excerpt":{"rendered":"<p>A cria\u00e7\u00e3o de uma nova obedi\u00eancia Regular na ma\u00e7onaria em Portugal, acontece em 4 de Julho de 2016, com a consagra\u00e7\u00e3o da Grande Loja Unida de Portugal. Uma parte importante dos membros da ma\u00e7onaria regular, herdeira das tradi\u00e7\u00f5es, discordaram dos caminhos seguidos em Portugal pela Ma\u00e7onaria dita Regular, e em rotura com a respetiva conduta [&hellip;]<\/p>\n","protected":false},"author":1,"featured_media":0,"parent":0,"menu_order":0,"comment_status":"closed","ping_status":"closed","template":"","meta":{"ub_ctt_via":"","ocean_post_layout":"","ocean_both_sidebars_style":"","ocean_both_sidebars_content_width":0,"ocean_both_sidebars_sidebars_width":0,"ocean_sidebar":"0","ocean_second_sidebar":"0","ocean_disable_margins":"enable","ocean_add_body_class":"","ocean_shortcode_before_top_bar":"","ocean_shortcode_after_top_bar":"","ocean_shortcode_before_header":"","ocean_shortcode_after_header":"","ocean_has_shortcode":"","ocean_shortcode_after_title":"","ocean_shortcode_before_footer_widgets":"","ocean_shortcode_after_footer_widgets":"","ocean_shortcode_before_footer_bottom":"","ocean_shortcode_after_footer_bottom":"","ocean_display_top_bar":"default","ocean_display_header":"default","ocean_header_style":"","ocean_center_header_left_menu":"0","ocean_custom_header_template":"0","ocean_custom_logo":0,"ocean_custom_retina_logo":0,"ocean_custom_logo_max_width":0,"ocean_custom_logo_tablet_max_width":0,"ocean_custom_logo_mobile_max_width":0,"ocean_custom_logo_max_height":0,"ocean_custom_logo_tablet_max_height":0,"ocean_custom_logo_mobile_max_height":0,"ocean_header_custom_menu":"0","ocean_menu_typo_font_family":"0","ocean_menu_typo_font_subset":"","ocean_menu_typo_font_size":0,"ocean_menu_typo_font_size_tablet":0,"ocean_menu_typo_font_size_mobile":0,"ocean_menu_typo_font_size_unit":"px","ocean_menu_typo_font_weight":"","ocean_menu_typo_font_weight_tablet":"","ocean_menu_typo_font_weight_mobile":"","ocean_menu_typo_transform":"","ocean_menu_typo_transform_tablet":"","ocean_menu_typo_transform_mobile":"","ocean_menu_typo_line_height":0,"ocean_menu_typo_line_height_tablet":0,"ocean_menu_typo_line_height_mobile":0,"ocean_menu_typo_line_height_unit":"","ocean_menu_typo_spacing":0,"ocean_menu_typo_spacing_tablet":0,"ocean_menu_typo_spacing_mobile":0,"ocean_menu_typo_spacing_unit":"","ocean_menu_link_color":"","ocean_menu_link_color_hover":"","ocean_menu_link_color_active":"","ocean_menu_link_background":"","ocean_menu_link_hover_background":"","ocean_menu_link_active_background":"","ocean_menu_social_links_bg":"","ocean_menu_social_hover_links_bg":"","ocean_menu_social_links_color":"","ocean_menu_social_hover_links_color":"","ocean_disable_title":"default","ocean_disable_heading":"default","ocean_post_title":"","ocean_post_subheading":"","ocean_post_title_style":"","ocean_post_title_background_color":"","ocean_post_title_background":0,"ocean_post_title_bg_image_position":"","ocean_post_title_bg_image_attachment":"","ocean_post_title_bg_image_repeat":"","ocean_post_title_bg_image_size":"","ocean_post_title_height":0,"ocean_post_title_bg_overlay":0.5,"ocean_post_title_bg_overlay_color":"","ocean_disable_breadcrumbs":"default","ocean_breadcrumbs_color":"","ocean_breadcrumbs_separator_color":"","ocean_breadcrumbs_links_color":"","ocean_breadcrumbs_links_hover_color":"","ocean_display_footer_widgets":"default","ocean_display_footer_bottom":"default","ocean_custom_footer_template":"0","footnotes":""},"class_list":["post-3614","page","type-page","status-publish","hentry","entry"],"featured_image_src":null,"_links":{"self":[{"href":"https:\/\/www.glup.pt\/web\/index.php?rest_route=\/wp\/v2\/pages\/3614","targetHints":{"allow":["GET"]}}],"collection":[{"href":"https:\/\/www.glup.pt\/web\/index.php?rest_route=\/wp\/v2\/pages"}],"about":[{"href":"https:\/\/www.glup.pt\/web\/index.php?rest_route=\/wp\/v2\/types\/page"}],"author":[{"embeddable":true,"href":"https:\/\/www.glup.pt\/web\/index.php?rest_route=\/wp\/v2\/users\/1"}],"replies":[{"embeddable":true,"href":"https:\/\/www.glup.pt\/web\/index.php?rest_route=%2Fwp%2Fv2%2Fcomments&post=3614"}],"version-history":[{"count":7,"href":"https:\/\/www.glup.pt\/web\/index.php?rest_route=\/wp\/v2\/pages\/3614\/revisions"}],"predecessor-version":[{"id":3832,"href":"https:\/\/www.glup.pt\/web\/index.php?rest_route=\/wp\/v2\/pages\/3614\/revisions\/3832"}],"wp:attachment":[{"href":"https:\/\/www.glup.pt\/web\/index.php?rest_route=%2Fwp%2Fv2%2Fmedia&parent=3614"}],"curies":[{"name":"wp","href":"https:\/\/api.w.org\/{rel}","templated":true}]}}