{"id":1679,"date":"2016-08-26T02:40:52","date_gmt":"2016-08-26T02:40:52","guid":{"rendered":"https:\/\/www.glup.ibername.com\/?page_id=1679"},"modified":"2022-08-15T14:53:19","modified_gmt":"2022-08-15T13:53:19","slug":"boas-vindas","status":"publish","type":"page","link":"https:\/\/www.glup.pt\/web\/?page_id=1679","title":{"rendered":"Boas-Vindas"},"content":{"rendered":"\n<h5 class=\"wp-block-heading\">A Grande Loja Unida de Portugal, afirma-se e integra-se numa sociedade de mudan\u00e7a e em constante evolu\u00e7\u00e3o&#8230;<\/h5>\n\n\n\n<div style=\"height:20px\" aria-hidden=\"true\" class=\"wp-block-spacer\"><\/div>\n\n\n<div class=\"wp-block-image is-style-default\">\n<figure class=\"aligncenter size-full\"><img fetchpriority=\"high\" decoding=\"async\" width=\"1024\" height=\"576\" src=\"https:\/\/www.glup.pt\/web\/wp-content\/uploads\/2022\/08\/TemploGLUP.jpg_1G.jpg\" alt=\"\" class=\"wp-image-3809\" srcset=\"https:\/\/www.glup.pt\/web\/wp-content\/uploads\/2022\/08\/TemploGLUP.jpg_1G.jpg 1024w, https:\/\/www.glup.pt\/web\/wp-content\/uploads\/2022\/08\/TemploGLUP.jpg_1G-300x169.jpg 300w, https:\/\/www.glup.pt\/web\/wp-content\/uploads\/2022\/08\/TemploGLUP.jpg_1G-768x432.jpg 768w, https:\/\/www.glup.pt\/web\/wp-content\/uploads\/2022\/08\/TemploGLUP.jpg_1G-800x450.jpg 800w\" sizes=\"(max-width: 1024px) 100vw, 1024px\" \/><\/figure><\/div>\n\n\n<p>Esta p\u00e1gina foi criada com o intuito de proporcionar a todos os interessados informa\u00e7\u00e3o b\u00e1sica, mas essencial, sobre a Ma\u00e7onaria, nomeadamente no que concerne \u00e0 Grande Loja Unida de Portugal, os seus princ\u00edpios, atividades e projetos.<\/p>\n\n\n\n<p>A Ma\u00e7onaria teve, ao longo da hist\u00f3ria, um papel essencial no avan\u00e7o da humanidade, na defesa e luta pela liberdade e pela melhoria das condi\u00e7\u00f5es de vida.<\/p>\n\n\n\n<p>Porque \u00e9 importante preservar esse rumo, a Ma\u00e7onaria continua a fazer sentido enquanto caminho de aperfei\u00e7oamento individual, partilha de viv\u00eancias e contributo para a melhoria da vida em comunidade. Neste sentido, a Ma\u00e7onaria \u00e9 uma escola de valores e de princ\u00edpios; uma academia de prepara\u00e7\u00e3o de lideran\u00e7a em que prevale\u00e7am os princ\u00edpios da Liberdade, Igualdade e Fraternidade; um espa\u00e7o de liberdade de pensamento, de debate e inova\u00e7\u00e3o e de cria\u00e7\u00e3o de projetos que contribuam para a melhoria global da sociedade.<\/p>\n\n\n\n<p>A Grande Loja Unida de Portugal tem sempre presente o objetivo de superar as necessidades e dificuldades dos nossos semelhantes, atrav\u00e9s da solidariedade e da benefic\u00eancia.<\/p>\n\n\n\n<p>O Objetivo primordial da Grande Loja Unida de Portugal \u00e9 assumir-se como uma Obedi\u00eancia Ma\u00e7\u00f3nica Regular, atrav\u00e9s da assun\u00e7\u00e3o dos <em>Iandmarks<\/em>, bem como dos princ\u00edpios e valores da ma\u00e7onaria em toda a sua virtude. Importa aqui recordar que, na sua g\u00e9nese, est\u00e3o muitos dos ma\u00e7ons que foram os respons\u00e1veis pela implanta\u00e7\u00e3o da Ma\u00e7onaria Regular em Portugal.<\/p>\n\n\n\n<p>A Grande Loja Unida de Portugal afirma-se e integra-se numa sociedade em constante evolu\u00e7\u00e3o. Afirma-se num Novo Mundo com uma nova forma de estar e de se fazer representar. Uma Ma\u00e7onaria que se liberta das formalidades desnecess\u00e1rias, que se mostra aberta \u00e0s novas gera\u00e7\u00f5es e faz parte dessa evolu\u00e7\u00e3o.<\/p>\n\n\n\n<p>A Grande Loja Unida de Portugal \u00e9 uma Institui\u00e7\u00e3o aberta e apoia todos aqueles que desejam ter um papel relevante, interventivo e positivo em Portugal, no uso dos seus direitos e deveres de cidadania.<\/p>\n\n\n\n<p>A Grande Loja Unida de Portugal \u00e9 um espa\u00e7o de forma\u00e7\u00e3o dos princ\u00edpios e pr\u00e1tica da Cidadania, para que Homens livres e de bons costumes venham ao nosso encontro e nos ajudem a intervir de forma s\u00e9ria e empenhada na constru\u00e7\u00e3o de uma sociedade melhor.<\/p>\n\n\n\n<p>Exige-se de um Ma\u00e7on, pugnar por uma sociedade mais justa, onde a fraternidade seja uma realidade vivida. O Mundo em que vivemos, necessita de Homens que sintam orgulho do seu pa\u00eds e que, pelo seu exemplo, o possam fazer melhorar.<\/p>\n\n\n\n<blockquote class=\"wp-block-quote is-layout-flow wp-block-quote-is-layout-flow\"><p><em>\u201cQuase nada do que houve de portador de futuro, de esperan\u00e7a, de sonho, foi realizado em Portugal sem o contributo de Homens que partilharam estes valores\u2026\u201d<\/em><\/p><\/blockquote>\n\n\n\n<p>A Grande Loja Unida de Portugal \u00e9 a Institui\u00e7\u00e3o ma\u00e7\u00f3nica respons\u00e1vel pela pr\u00e1tica e desenvolvimento do Rito Portugu\u00eas.<\/p>\n\n\n\n<p>O Rito Portugu\u00eas, em tudo respeitador da tradi\u00e7\u00e3o e regularidade ma\u00e7\u00f3nicas, faz ressaltar a individualidade da l\u00edngua portuguesa e da sua grandeza, interna e externamente, sendo ve\u00edculo da sua hist\u00f3ria e cultura. De referir, a este prop\u00f3sito, que a ado\u00e7\u00e3o de ritos integrantes da cultura de cada pa\u00eds \u00e9 uma pr\u00e1tica corrente e aceite pela Ma\u00e7onaria Regular.<\/p>\n\n\n\n<p>Neste sentido, incentivo-o a abra\u00e7ar a Grande Loja Unida de Portugal.<\/p>\n","protected":false},"excerpt":{"rendered":"<p>A Grande Loja Unida de Portugal, afirma-se e integra-se numa sociedade de mudan\u00e7a e em constante evolu\u00e7\u00e3o&#8230; Esta p\u00e1gina foi criada com o intuito de proporcionar a todos os interessados informa\u00e7\u00e3o b\u00e1sica, mas essencial, sobre a Ma\u00e7onaria, nomeadamente no que concerne \u00e0 Grande Loja Unida de Portugal, os seus princ\u00edpios, atividades e projetos. A Ma\u00e7onaria [&hellip;]<\/p>\n","protected":false},"author":1,"featured_media":0,"parent":0,"menu_order":0,"comment_status":"closed","ping_status":"closed","template":"","meta":{"ub_ctt_via":"","ocean_post_layout":"","ocean_both_sidebars_style":"","ocean_both_sidebars_content_width":0,"ocean_both_sidebars_sidebars_width":0,"ocean_sidebar":"0","ocean_second_sidebar":"0","ocean_disable_margins":"enable","ocean_add_body_class":"","ocean_shortcode_before_top_bar":"","ocean_shortcode_after_top_bar":"","ocean_shortcode_before_header":"","ocean_shortcode_after_header":"","ocean_has_shortcode":"","ocean_shortcode_after_title":"","ocean_shortcode_before_footer_widgets":"","ocean_shortcode_after_footer_widgets":"","ocean_shortcode_before_footer_bottom":"","ocean_shortcode_after_footer_bottom":"","ocean_display_top_bar":"default","ocean_display_header":"default","ocean_header_style":"","ocean_center_header_left_menu":"0","ocean_custom_header_template":"0","ocean_custom_logo":0,"ocean_custom_retina_logo":0,"ocean_custom_logo_max_width":0,"ocean_custom_logo_tablet_max_width":0,"ocean_custom_logo_mobile_max_width":0,"ocean_custom_logo_max_height":0,"ocean_custom_logo_tablet_max_height":0,"ocean_custom_logo_mobile_max_height":0,"ocean_header_custom_menu":"0","ocean_menu_typo_font_family":"0","ocean_menu_typo_font_subset":"","ocean_menu_typo_font_size":0,"ocean_menu_typo_font_size_tablet":0,"ocean_menu_typo_font_size_mobile":0,"ocean_menu_typo_font_size_unit":"px","ocean_menu_typo_font_weight":"","ocean_menu_typo_font_weight_tablet":"","ocean_menu_typo_font_weight_mobile":"","ocean_menu_typo_transform":"","ocean_menu_typo_transform_tablet":"","ocean_menu_typo_transform_mobile":"","ocean_menu_typo_line_height":0,"ocean_menu_typo_line_height_tablet":0,"ocean_menu_typo_line_height_mobile":0,"ocean_menu_typo_line_height_unit":"","ocean_menu_typo_spacing":0,"ocean_menu_typo_spacing_tablet":0,"ocean_menu_typo_spacing_mobile":0,"ocean_menu_typo_spacing_unit":"","ocean_menu_link_color":"","ocean_menu_link_color_hover":"","ocean_menu_link_color_active":"","ocean_menu_link_background":"","ocean_menu_link_hover_background":"","ocean_menu_link_active_background":"","ocean_menu_social_links_bg":"","ocean_menu_social_hover_links_bg":"","ocean_menu_social_links_color":"","ocean_menu_social_hover_links_color":"","ocean_disable_title":"default","ocean_disable_heading":"default","ocean_post_title":"","ocean_post_subheading":"","ocean_post_title_style":"","ocean_post_title_background_color":"","ocean_post_title_background":0,"ocean_post_title_bg_image_position":"","ocean_post_title_bg_image_attachment":"","ocean_post_title_bg_image_repeat":"","ocean_post_title_bg_image_size":"","ocean_post_title_height":0,"ocean_post_title_bg_overlay":0.5,"ocean_post_title_bg_overlay_color":"","ocean_disable_breadcrumbs":"default","ocean_breadcrumbs_color":"","ocean_breadcrumbs_separator_color":"","ocean_breadcrumbs_links_color":"","ocean_breadcrumbs_links_hover_color":"","ocean_display_footer_widgets":"default","ocean_display_footer_bottom":"default","ocean_custom_footer_template":"0","footnotes":""},"class_list":["post-1679","page","type-page","status-publish","hentry","entry"],"featured_image_src":null,"_links":{"self":[{"href":"https:\/\/www.glup.pt\/web\/index.php?rest_route=\/wp\/v2\/pages\/1679","targetHints":{"allow":["GET"]}}],"collection":[{"href":"https:\/\/www.glup.pt\/web\/index.php?rest_route=\/wp\/v2\/pages"}],"about":[{"href":"https:\/\/www.glup.pt\/web\/index.php?rest_route=\/wp\/v2\/types\/page"}],"author":[{"embeddable":true,"href":"https:\/\/www.glup.pt\/web\/index.php?rest_route=\/wp\/v2\/users\/1"}],"replies":[{"embeddable":true,"href":"https:\/\/www.glup.pt\/web\/index.php?rest_route=%2Fwp%2Fv2%2Fcomments&post=1679"}],"version-history":[{"count":41,"href":"https:\/\/www.glup.pt\/web\/index.php?rest_route=\/wp\/v2\/pages\/1679\/revisions"}],"predecessor-version":[{"id":3810,"href":"https:\/\/www.glup.pt\/web\/index.php?rest_route=\/wp\/v2\/pages\/1679\/revisions\/3810"}],"wp:attachment":[{"href":"https:\/\/www.glup.pt\/web\/index.php?rest_route=%2Fwp%2Fv2%2Fmedia&parent=1679"}],"curies":[{"name":"wp","href":"https:\/\/api.w.org\/{rel}","templated":true}]}}