{"id":1551,"date":"2016-08-16T15:38:49","date_gmt":"2016-08-16T15:38:49","guid":{"rendered":"https:\/\/www.glup.ibername.com\/?page_id=1551"},"modified":"2019-12-12T14:39:55","modified_gmt":"2019-12-12T14:39:55","slug":"o-que-e-a-maconaria","status":"publish","type":"page","link":"https:\/\/www.glup.pt\/web\/?page_id=1551","title":{"rendered":"O que \u00e9 a Ma\u00e7onaria"},"content":{"rendered":"\n<div class=\"wp-block-image\"><figure class=\"aligncenter size-large\"><img fetchpriority=\"high\" decoding=\"async\" width=\"1024\" height=\"320\" src=\"https:\/\/www.glup.pt\/web\/\/wp-content\/uploads\/2019\/11\/oqueeamaconaria-1024x320.jpg\" alt=\"\" class=\"wp-image-3272\" srcset=\"https:\/\/www.glup.pt\/web\/wp-content\/uploads\/2019\/11\/oqueeamaconaria-1024x320.jpg 1024w, https:\/\/www.glup.pt\/web\/wp-content\/uploads\/2019\/11\/oqueeamaconaria-300x94.jpg 300w, https:\/\/www.glup.pt\/web\/wp-content\/uploads\/2019\/11\/oqueeamaconaria-768x240.jpg 768w, https:\/\/www.glup.pt\/web\/wp-content\/uploads\/2019\/11\/oqueeamaconaria-1536x480.jpg 1536w, https:\/\/www.glup.pt\/web\/wp-content\/uploads\/2019\/11\/oqueeamaconaria.jpg 1920w\" sizes=\"(max-width: 1024px) 100vw, 1024px\" \/><\/figure><\/div>\n\n\n\n<div style=\"height:25px\" aria-hidden=\"true\" class=\"wp-block-spacer\"><\/div>\n\n\n\n<p class=\"has-text-align-right\"><em>\u201cA na\u00e7\u00e3o \u00e9 a escola presente para a superna\u00e7\u00e3o futura\u201d.<br> Fernando Pessoa<\/em><\/p>\n\n\n\n<div style=\"height:25px\" aria-hidden=\"true\" class=\"wp-block-spacer\"><\/div>\n\n\n\n<p>A Ma\u00e7onaria \u00e9 uma Ordem inici\u00e1tica e ritual\u00edstica, universal e fraterna, filos\u00f3fica e progressista, baseada no livre-pensamento e na toler\u00e2ncia, e que tem por objetivo o desenvolvimento espiritual do homem enquanto individuo, com vista \u00e0 sua contribui\u00e7\u00e3o para a edifica\u00e7\u00e3o de uma sociedade mais livre, justa e igualit\u00e1ria.<\/p>\n\n\n\n<p>A Ma\u00e7onaria \u00e9 uma das maiores e mais antigas institui\u00e7\u00f5es do mundo n\u00e3o- religiosa, apol\u00edtica, fraterna e solid\u00e1ria. Est\u00e1 acima de todos os partidos, coexistindo nela pessoas das mais diversas sensibilidades, cren\u00e7as e ideologias\u2026 A Ma\u00e7onaria \u00e9 um espa\u00e7o de di\u00e1logo e de toler\u00e2ncia. A sua influ\u00eancia na Sociedade n\u00e3o se exerce diretamente\u2026, mas apenas atrav\u00e9s do exemplo, da pedagogia e da influ\u00eancia individual dos seus membros nos locais onde exercem a sua atividade.<\/p>\n\n\n\n<p>A Ma\u00e7onaria \u00e9 uma escola e o seu principal foco \u00e9 melhorar a sociedade atrav\u00e9s do aperfei\u00e7oamento humano. Atrav\u00e9s de uma estrutura filos\u00f3fica de ensino que transforma os seus membros em pessoas melhores, mais dedicados \u00e0 sua fam\u00edlia e ao seu trabalho e sempre preocupados com o desenvolvimento harmonioso da sociedade onde habitam.<\/p>\n\n\n\n<p>A Ma\u00e7onaria \u00e9 uma sociedade de homens preocupados com valores morais e espirituais. Os Ma\u00e7ons s\u00e3o ensinados &#8211; atrav\u00e9s do trabalho em Loja \u2013 a melhorar o seu autoconhecimento e a desenvolver as suas capacidades de Homens de \u00c9tica, praticantes da verdade e da justi\u00e7a. A Ma\u00e7onaria infunde nos seus membros uma abordagem \u00e9tica e moral \u00e0 vida, baseando os seus valores na integridade, bondade, honestidade e imparcialidade.<\/p>\n\n\n\n<p>A Ma\u00e7onaria ensina o autoconhecimento atrav\u00e9s do uso da simbologia e dos rituais, participando o ma\u00e7on numa progress\u00e3o de cerim\u00f3nias. Cada Ma\u00e7on deve ser um exemplo de conduta e comportamento, reconhecido como um homem respeitado e bom.<\/p>\n\n\n\n<p>Se no passado, os Ma\u00e7ons foram respons\u00e1veis pela cria\u00e7\u00e3o de sociedades livres e democr\u00e1ticas, pela cria\u00e7\u00e3o da carta dos Direitos Humanos e por muitos bons exemplos de coragem, ambi\u00e7\u00e3o, honestidade e vis\u00e3o, tamb\u00e9m a Grande Loja Unida de Portugal quer continuar a formar novas gera\u00e7\u00f5es de Homens praticando estes princ\u00edpios.<\/p>\n\n\n\n<p>A Ma\u00e7onaria \u00e9 uma institui\u00e7\u00e3o <strong>Inici\u00e1tica<\/strong>, porque s\u00f3 pode nela ingressar quem se submeta \u00e0 cerim\u00f3nia de inicia\u00e7\u00e3o. Esta significa o inicio de uma nova vida e simboliza a passagem das trevas \u00e0 \u201cLuz\u201d; e \u00e9 <strong>ritualista<\/strong>, porque as suas sess\u00f5es obedecem a determinados ritos, que traduzem simbolicamente, s\u00ednteses e sabedoria, remontando aos tempos mais recuados.<\/p>\n\n\n\n<p>A Ma\u00e7onaria \u00e9 uma das mais antigas fraternidades inici\u00e1ticas que tem como fundamento a cren\u00e7a num Ser Supremo, o qual designa por \u201cGrande Arquiteto do Universo\u201d. Como Ordem inici\u00e1tica, a Ma\u00e7onaria procura o aperfei\u00e7oamento do Ser Humano atrav\u00e9s do seu m\u00e9todo de transmiss\u00e3o do conhecimento e de ensino, no qual usa o ritual e o simbolismo, para que o ma\u00e7on o possa aplicar a si pr\u00f3prio e na sociedade que o integra.<\/p>\n\n\n\n<p>Como escreveu Fernando Pessoa, \u201ca Na\u00e7\u00e3o \u00e9 a escola presente para a Superna\u00e7\u00e3o futura\u201d. Amar a P\u00e1tria e a Humanidade \u00e9 outro dos deveres dos Ma\u00e7ons.<\/p>\n\n\n\n<p>Amar a P\u00e1tria e a Humanidade \u00e9 outro dos deveres dos Ma\u00e7ons.<\/p>\n","protected":false},"excerpt":{"rendered":"<p>\u201cA na\u00e7\u00e3o \u00e9 a escola presente para a superna\u00e7\u00e3o futura\u201d. Fernando Pessoa A Ma\u00e7onaria \u00e9 uma Ordem inici\u00e1tica e ritual\u00edstica, universal e fraterna, filos\u00f3fica e progressista, baseada no livre-pensamento e na toler\u00e2ncia, e que tem por objetivo o desenvolvimento espiritual do homem enquanto individuo, com vista \u00e0 sua contribui\u00e7\u00e3o para a edifica\u00e7\u00e3o de uma sociedade [&hellip;]<\/p>\n","protected":false},"author":1,"featured_media":0,"parent":0,"menu_order":0,"comment_status":"closed","ping_status":"closed","template":"","meta":{"ub_ctt_via":"","ocean_post_layout":"","ocean_both_sidebars_style":"","ocean_both_sidebars_content_width":0,"ocean_both_sidebars_sidebars_width":0,"ocean_sidebar":"0","ocean_second_sidebar":"0","ocean_disable_margins":"enable","ocean_add_body_class":"","ocean_shortcode_before_top_bar":"","ocean_shortcode_after_top_bar":"","ocean_shortcode_before_header":"","ocean_shortcode_after_header":"","ocean_has_shortcode":"","ocean_shortcode_after_title":"","ocean_shortcode_before_footer_widgets":"","ocean_shortcode_after_footer_widgets":"","ocean_shortcode_before_footer_bottom":"","ocean_shortcode_after_footer_bottom":"","ocean_display_top_bar":"default","ocean_display_header":"default","ocean_header_style":"","ocean_center_header_left_menu":"0","ocean_custom_header_template":"0","ocean_custom_logo":0,"ocean_custom_retina_logo":0,"ocean_custom_logo_max_width":0,"ocean_custom_logo_tablet_max_width":0,"ocean_custom_logo_mobile_max_width":0,"ocean_custom_logo_max_height":0,"ocean_custom_logo_tablet_max_height":0,"ocean_custom_logo_mobile_max_height":0,"ocean_header_custom_menu":"0","ocean_menu_typo_font_family":"0","ocean_menu_typo_font_subset":"","ocean_menu_typo_font_size":0,"ocean_menu_typo_font_size_tablet":0,"ocean_menu_typo_font_size_mobile":0,"ocean_menu_typo_font_size_unit":"px","ocean_menu_typo_font_weight":"","ocean_menu_typo_font_weight_tablet":"","ocean_menu_typo_font_weight_mobile":"","ocean_menu_typo_transform":"","ocean_menu_typo_transform_tablet":"","ocean_menu_typo_transform_mobile":"","ocean_menu_typo_line_height":0,"ocean_menu_typo_line_height_tablet":0,"ocean_menu_typo_line_height_mobile":0,"ocean_menu_typo_line_height_unit":"","ocean_menu_typo_spacing":0,"ocean_menu_typo_spacing_tablet":0,"ocean_menu_typo_spacing_mobile":0,"ocean_menu_typo_spacing_unit":"","ocean_menu_link_color":"","ocean_menu_link_color_hover":"","ocean_menu_link_color_active":"","ocean_menu_link_background":"","ocean_menu_link_hover_background":"","ocean_menu_link_active_background":"","ocean_menu_social_links_bg":"","ocean_menu_social_hover_links_bg":"","ocean_menu_social_links_color":"","ocean_menu_social_hover_links_color":"","ocean_disable_title":"default","ocean_disable_heading":"default","ocean_post_title":"","ocean_post_subheading":"","ocean_post_title_style":"","ocean_post_title_background_color":"","ocean_post_title_background":0,"ocean_post_title_bg_image_position":"","ocean_post_title_bg_image_attachment":"","ocean_post_title_bg_image_repeat":"","ocean_post_title_bg_image_size":"","ocean_post_title_height":0,"ocean_post_title_bg_overlay":0.5,"ocean_post_title_bg_overlay_color":"","ocean_disable_breadcrumbs":"default","ocean_breadcrumbs_color":"","ocean_breadcrumbs_separator_color":"","ocean_breadcrumbs_links_color":"","ocean_breadcrumbs_links_hover_color":"","ocean_display_footer_widgets":"default","ocean_display_footer_bottom":"default","ocean_custom_footer_template":"0","footnotes":""},"class_list":["post-1551","page","type-page","status-publish","hentry","entry"],"featured_image_src":null,"_links":{"self":[{"href":"https:\/\/www.glup.pt\/web\/index.php?rest_route=\/wp\/v2\/pages\/1551","targetHints":{"allow":["GET"]}}],"collection":[{"href":"https:\/\/www.glup.pt\/web\/index.php?rest_route=\/wp\/v2\/pages"}],"about":[{"href":"https:\/\/www.glup.pt\/web\/index.php?rest_route=\/wp\/v2\/types\/page"}],"author":[{"embeddable":true,"href":"https:\/\/www.glup.pt\/web\/index.php?rest_route=\/wp\/v2\/users\/1"}],"replies":[{"embeddable":true,"href":"https:\/\/www.glup.pt\/web\/index.php?rest_route=%2Fwp%2Fv2%2Fcomments&post=1551"}],"version-history":[{"count":11,"href":"https:\/\/www.glup.pt\/web\/index.php?rest_route=\/wp\/v2\/pages\/1551\/revisions"}],"predecessor-version":[{"id":3622,"href":"https:\/\/www.glup.pt\/web\/index.php?rest_route=\/wp\/v2\/pages\/1551\/revisions\/3622"}],"wp:attachment":[{"href":"https:\/\/www.glup.pt\/web\/index.php?rest_route=%2Fwp%2Fv2%2Fmedia&parent=1551"}],"curies":[{"name":"wp","href":"https:\/\/api.w.org\/{rel}","templated":true}]}}